{"id":33,"date":"2022-01-07T12:29:09","date_gmt":"2022-01-07T12:29:09","guid":{"rendered":"https:\/\/showmasters.de\/?page_id=33"},"modified":"2026-04-07T10:51:28","modified_gmt":"2026-04-07T10:51:28","slug":"impressum","status":"publish","type":"page","link":"https:\/\/showmasters.de\/impressum\/","title":{"rendered":"Kontakt&#038;Impressum"},"content":{"rendered":"\n<p class=\"wp-block-paragraph\"><br>The Showmasters GbR<br>Diakonissenstra\u00dfe 2<br>04177 Leipzig<br><br>E-Mail: <a href=\"mailto:hallo@showmasters.de\">hallo@showmasters.de<\/a><br><\/p>\n\n\n\n<h2 class=\"wp-block-heading\" id=\"haftung-fur-inhalte-dieser-website\">Haftung f\u00fcr Inhalte dieser Website<\/h2>\n\n\n\n<p class=\"wp-block-paragraph\">Wir entwickeln die Inhalte dieser Website st\u00e4ndig weiter und bem\u00fchen uns korrekte und aktuelle Informationen bereitzustellen. Leider k\u00f6nnen wir keine Haftung f\u00fcr die Korrektheit aller Inhalte auf dieser Website \u00fcbernehmen, speziell f\u00fcr jene, die seitens Dritter bereitgestellt wurden. Als Diensteanbieter sind wir nicht verpflichtet, die von ihnen \u00fcbermittelten oder gespeicherten Informationen zu \u00fcberwachen oder nach Umst\u00e4nden zu forschen, die auf eine rechtswidrige T\u00e4tigkeit hinweisen.<br>Unsere Verpflichtungen zur Entfernung von Informationen oder zur Sperrung der Nutzung von Informationen nach den allgemeinen Gesetzen aufgrund von gerichtlichen oder beh\u00f6rdlichen Anordnungen bleiben auch im Falle unserer Nichtverantwortlichkeit davon unber\u00fchrt.<br>Sollten Ihnen problematische oder rechtswidrige Inhalte auffallen, bitte wir Sie uns umgehend zu kontaktieren, damit wir die rechtswidrigen Inhalte entfernen k\u00f6nnen. Sie finden die Kontaktdaten im Impressum.<\/p>\n\n\n\n<h2 class=\"wp-block-heading\" id=\"haftung-fur-links-auf-dieser-website\">Haftung f\u00fcr Links auf dieser Website<\/h2>\n\n\n\n<p class=\"wp-block-paragraph\">Unsere Website enth\u00e4lt Links zu anderen Websites f\u00fcr deren Inhalt wir nicht verantwortlich sind. Haftung f\u00fcr verlinkte Websites besteht f\u00fcr uns nicht, da wir keine Kenntnis rechtswidriger T\u00e4tigkeiten hatten und haben, uns solche Rechtswidrigkeiten auch bisher nicht aufgefallen sind und wir Links sofort entfernen w\u00fcrden, wenn uns Rechtswidrigkeiten bekannt werden.<br>Wenn Ihnen rechtswidrige Links auf unserer Website auffallen, bitte wir Sie uns zu kontaktieren. Sie finden die Kontaktdaten im Impressum.<\/p>\n\n\n\n<h2 class=\"wp-block-heading\" id=\"urheberrechtshinweis\">Urheberrechtshinweis<\/h2>\n\n\n\n<p class=\"wp-block-paragraph\">Alle Inhalte dieser Webseite (Bilder, Fotos, Texte, Videos) unterliegen dem Urheberrecht. Bitte fragen Sie uns bevor Sie die Inhalte dieser Website verbreiten, vervielf\u00e4ltigen oder verwerten wie zum Beispiel auf anderen Websites erneut ver\u00f6ffentlichen. Falls notwendig, werden wir die unerlaubte Nutzung von Teilen der Inhalte unserer Seite rechtlich verfolgen.<br>Sollten Sie auf dieser Webseite Inhalte finden, die das Urheberrecht verletzen, bitten wir Sie uns zu kontaktieren.<\/p>\n","protected":false},"excerpt":{"rendered":"<p>The Showmasters GbRDiakonissenstra\u00dfe 204177 Leipzig E-Mail: hallo@showmasters.de Haftung f\u00fcr Inhalte dieser Website Wir entwickeln die Inhalte dieser Website st\u00e4ndig weiter und bem\u00fchen uns korrekte und aktuelle Informationen bereitzustellen. Leider k\u00f6nnen wir keine Haftung f\u00fcr die Korrektheit aller Inhalte auf dieser Website \u00fcbernehmen, speziell f\u00fcr jene, die seitens Dritter bereitgestellt wurden. Als Diensteanbieter sind wir nicht [&hellip;]<\/p>\n","protected":false},"author":1,"featured_media":0,"parent":0,"menu_order":3,"comment_status":"closed","ping_status":"closed","template":"","meta":{"_crdt_document":"","_uag_custom_page_level_css":""},"class_list":["post-33","page","type-page","status-publish","hentry"],"uagb_featured_image_src":{"full":false,"thumbnail":false,"medium":false,"medium_large":false,"large":false,"1536x1536":false,"2048x2048":false,"_4096":false,"_3840":false,"_3200":false,"_2560":false,"_1920":false,"_1280":false,"_1024":false,"_768":false,"_512":false,"_265":false,"_32":false},"uagb_author_info":{"display_name":"admin","author_link":"https:\/\/showmasters.de\/author\/admin\/"},"uagb_comment_info":0,"uagb_excerpt":"The Showmasters GbRDiakonissenstra\u00dfe 204177 Leipzig E-Mail: hallo@showmasters.de Haftung f\u00fcr Inhalte dieser Website Wir entwickeln die Inhalte dieser Website st\u00e4ndig weiter und bem\u00fchen uns korrekte und aktuelle Informationen bereitzustellen. Leider k\u00f6nnen wir keine Haftung f\u00fcr die Korrektheit aller Inhalte auf dieser Website \u00fcbernehmen, speziell f\u00fcr jene, die seitens Dritter bereitgestellt wurden. Als Diensteanbieter sind wir nicht&hellip;","grid":"{\"colCount\":12,\"colGutter\":1,\"rowGutters\":[5,5,5],\"frameMargin\":5,\"leftFrameMargin\":10,\"rightFrameMargin\":10,\"topFrameMargin\":15,\"mus\":{\"colGutterMu\":\"%\",\"rowGutterMu\":\"%\",\"topFrameMu\":\"%\",\"bottomFrameMu\":\"%\",\"frameMu\":\"%\"},\"bottomFrameMargin\":15,\"rowAttrs\":[{\"relid\":20},{\"relid\":6},{\"relid\":16},{\"relid\":8}],\"bgColor\":null,\"bgImage\":null,\"bgVideo\":null,\"cont\":[{\"type\":\"img\",\"cont\":\"\/wp-content\/uploads\/2026\/03\/texte25.png\",\"align\":\"top\",\"row\":0,\"offsetx\":0,\"offsety\":0,\"spaceabove\":0,\"spacebelow\":0,\"yvel\":1,\"relid\":21,\"attid\":280,\"sizes\":{\"full\":\"\/wp-content\/uploads\/2026\/03\/texte25.png\",\"_768\":\"\/wp-content\/uploads\/2026\/03\/texte25-768x543.png\",\"_512\":\"\/wp-content\/uploads\/2026\/03\/texte25-512x362.png\",\"_265\":\"\/wp-content\/uploads\/2026\/03\/texte25-265x187.png\"},\"w\":842,\"h\":595,\"ar\":0.7066508313539193,\"alt\":\"\",\"frameOverflow\":\"\",\"left\":6.152980534110482,\"width\":66.83914647998103,\"top\":11.642292996761636,\"placeFreely\":true,\"zIndex\":4,\"textOnElement\":{\"topLeft\":\"\",\"topCenter\":\"\",\"topRight\":\"\",\"leftCenter\":\"\",\"centerCenter\":\"\",\"rightCenter\":\"\",\"bottomLeft\":\"\",\"bottomCenter\":\"\",\"bottomRight\":\"\",\"spaceLeftRight\":10,\"spaceLeftRightMu\":\"px\",\"spaceTopBottom\":10,\"spaceTopBottomMu\":\"px\",\"enableSpacePhone\":false,\"spaceLeftRightPhone\":10,\"spaceLeftRightPhoneMu\":\"px\",\"spaceTopBottomPhone\":10,\"spaceTopBottomPhoneMu\":\"px\",\"verticalOffsetCenter\":0,\"verticalOffsetCenterMu\":\"px\",\"verticalOffsetCenterPhone\":0,\"verticalOffsetCenterPhoneMu\":\"px\",\"darkGradientAtTop\":false,\"darkGradientAtBottom\":false,\"darkGradientAtTopColor\":\"#000000\",\"darkGradientAtBottomColor\":\"#000000\"}},{\"type\":\"img\",\"cont\":\"\/wp-content\/uploads\/2026\/04\/grafiken_0003_abschnitt-oben.png\",\"align\":\"bottom\",\"row\":3,\"offsetx\":0,\"offsety\":0,\"spaceabove\":0,\"spacebelow\":0,\"yvel\":1,\"relid\":19,\"attid\":297,\"sizes\":{\"full\":\"\/wp-content\/uploads\/2026\/04\/grafiken_0003_abschnitt-oben.png\",\"_1920\":\"\/wp-content\/uploads\/2026\/04\/grafiken_0003_abschnitt-oben-1920x1026.png\",\"_1280\":\"\/wp-content\/uploads\/2026\/04\/grafiken_0003_abschnitt-oben-1280x684.png\",\"_1024\":\"\/wp-content\/uploads\/2026\/04\/grafiken_0003_abschnitt-oben-1024x547.png\",\"_768\":\"\/wp-content\/uploads\/2026\/04\/grafiken_0003_abschnitt-oben-768x410.png\",\"_512\":\"\/wp-content\/uploads\/2026\/04\/grafiken_0003_abschnitt-oben-512x274.png\",\"_265\":\"\/wp-content\/uploads\/2026\/04\/grafiken_0003_abschnitt-oben-265x142.png\"},\"w\":2356,\"h\":1259,\"ar\":0.5343803056027164,\"alt\":\"\",\"textOnElement\":{\"topLeft\":\"\",\"topCenter\":\"\",\"topRight\":\"\",\"leftCenter\":\"\",\"centerCenter\":\"\",\"rightCenter\":\"\",\"bottomLeft\":\"\",\"bottomCenter\":\"\",\"bottomRight\":\"\",\"spaceLeftRight\":10,\"spaceLeftRightMu\":\"px\",\"spaceTopBottom\":10,\"spaceTopBottomMu\":\"px\",\"enableSpacePhone\":false,\"spaceLeftRightPhone\":10,\"spaceLeftRightPhoneMu\":\"px\",\"spaceTopBottomPhone\":10,\"spaceTopBottomPhoneMu\":\"px\",\"verticalOffsetCenter\":0,\"verticalOffsetCenterMu\":\"px\",\"verticalOffsetCenterPhone\":0,\"verticalOffsetCenterPhoneMu\":\"px\",\"darkGradientAtTop\":false,\"darkGradientAtBottom\":false,\"darkGradientAtTopColor\":\"#000000\",\"darkGradientAtBottomColor\":\"#000000\"},\"left\":-1.1425202530320597,\"width\":94.265442052626,\"top\":240.77738659682348,\"placeFreely\":true,\"zIndex\":3},{\"type\":\"text\",\"cont\":\"<p style=\\\"text-align: center;\\\"><span style=\\\"font-size: 16px;\\\"><strong>KONTAKT<\/strong><br \/>hallo@theshowmasters.de<\/span><\/p>\",\"align\":\"top\",\"row\":1,\"col\":0,\"colspan\":4,\"offsetx\":0,\"offsety\":0,\"spaceabove\":0,\"spacebelow\":0,\"yvel\":1,\"push\":0,\"relid\":5,\"absolute_position\":false,\"zIndex\":0,\"dosync\":false},{\"type\":\"text\",\"cont\":\"<p style=\\\"text-align: center;\\\"><span style=\\\"color: #000000; font-size: 16px;\\\"><strong>IMPRESSUM<\/strong><br \/>The Showmasters Gbr<\/span><br \/><span style=\\\"color: #000000; font-size: 16px;\\\">Diakonissenstra\\u00dfe 2<\/span><br \/><span style=\\\"color: #000000; font-size: 16px;\\\">04177 Leipzig<\/span><\/p>\",\"align\":\"top\",\"row\":1,\"col\":8,\"colspan\":4,\"offsetx\":0,\"offsety\":0,\"spaceabove\":0,\"spacebelow\":0,\"yvel\":1,\"push\":4,\"relid\":2,\"absolute_position\":false,\"zIndex\":2,\"dosync\":false},{\"type\":\"text\",\"cont\":\"<p style=\\\"text-align: left;\\\"><span style=\\\"font-size: 16px;\\\"><strong>CREDITS<br \/><\/strong>Fotos: Annika Hammer<br \/>Grafik: Sofie Zech<\/span><\/p>\",\"align\":\"top\",\"row\":2,\"col\":0,\"colspan\":4,\"offsetx\":0,\"offsety\":0,\"spaceabove\":0,\"spacebelow\":0,\"yvel\":1,\"push\":0,\"relid\":7,\"absolute_position\":false,\"zIndex\":1,\"dosync\":false},{\"type\":\"text\",\"cont\":\"<h4>Stand: 07.06.2026<\/h4>\\n<h4><span style=\\\"font-size: 25px;\\\"><strong>Datenschutzerkl\\u00e4rung<\/strong><\/span><\/h4>\\n<h4><strong>1. Verantwortliche Stelle<\/strong><\/h4>\\n<p>The Showmasters Gbr<br \/>Diakonissenstra\\u00dfe 2<br \/>04177 Leipzig<br \/>hallo@showmasters.de<br \/><br \/><\/p>\\n<h4><strong>2. Erhebung und Speicherung personenbezogener Daten sowie Art und Zweck von deren Verwendung<\/strong><\/h4>\\n<p>Beim Aufruf dieser Website werden durch den auf Ihrem Endger\\u00e4t zum Einsatz kommenden Browser automatisch Informationen an den Server unserer Website gesendet. Diese Informationen werden tempor\\u00e4r in einem sog. Logfile gespeichert. Folgende Informationen werden dabei ohne Ihr Zutun erfasst und bis zur automatischen L\\u00f6schung gespeichert:<\/p>\\n<ul>\\n<li>IP-Adresse des anfragenden Rechners,<\/li>\\n<li>Datum und Uhrzeit des Zugriffs,<\/li>\\n<li>Name und URL der abgerufenen Datei,<\/li>\\n<li>Website, von der aus der Zugriff erfolgt (Referrer-URL),<\/li>\\n<li>verwendeter Browser und ggf. das Betriebssystem Ihres Rechners sowie der Name Ihres Access-Providers.<\/li>\\n<\/ul>\\n<p>Die genannten Daten werden durch uns zu folgenden Zwecken verarbeitet:<\/p>\\n<ul>\\n<li>Gew\\u00e4hrleistung eines reibungslosen Verbindungsaufbaus der Website,<\/li>\\n<li>Gew\\u00e4hrleistung einer komfortablen Nutzung unserer Website,<\/li>\\n<li>Auswertung der Systemsicherheit und -stabilit\\u00e4t sowie<\/li>\\n<li>zu weiteren administrativen Zwecken.<\/li>\\n<\/ul>\\n<p>Die Rechtsgrundlage f\\u00fcr die Datenverarbeitung ist Art. 6 Abs. 1 S. 1 lit. f DSGVO. Unser berechtigtes Interesse folgt aus oben aufgelisteten Zwecken zur Datenerhebung. In keinem Fall verwenden wir die erhobenen Daten zu dem Zweck, R\\u00fcckschl\\u00fcsse auf Ihre Person zu ziehen.<\/p>\\n<h4><strong>3. L\\u00f6schung der Daten<\/strong><\/h4>\\n<p>Die Daten werden gel\\u00f6scht, sobald sie f\\u00fcr die Erreichung des Zwecks ihrer Erhebung nicht mehr erforderlich sind. Dies ist f\\u00fcr die IP-Adressen und die weiteren Daten, die beim Abruf der Website in den Logfiles gespeichert werden, nach sp\\u00e4testens 7 Tagen der Fall.<\/p>\\n<h4><strong>4. Nutzung von Strato als Hosting-Anbieter<\/strong><\/h4>\\n<p>Diese Website wird bei der STRATO AG, Pascalstra\\u00dfe 10, 10587 Berlin, gehostet. STRATO verarbeitet die oben genannten Daten in unserem Auftrag und im Rahmen einer Auftragsverarbeitung gem\\u00e4\\u00df Art. 28 DSGVO. STRATO speichert diese Daten ausschlie\\u00dflich in Rechenzentren innerhalb der Europ\\u00e4ischen Union. Weitere Informationen zur Datenschutzerkl\\u00e4rung von Strato finden Sie unter: <a rel=\\\"nofollow noopener noreferrer external\\\" href=\\\"https:\/\/www.strato.de\/datenschutz\/\\\" target=\\\"_blank\\\">https:\/\/www.strato.de\/datenschutz\/<\/a><\/p>\\n<h4><strong>5. Ihre Rechte<\/strong><\/h4>\\n<p>Sie haben das Recht,<\/p>\\n<ul>\\n<li>gem\\u00e4\\u00df Art. 15 DSGVO Auskunft \\u00fcber Ihre von uns verarbeiteten personenbezogenen Daten zu verlangen. Insbesondere k\\u00f6nnen Sie Auskunft \\u00fcber die Verarbeitungszwecke, die Kategorie der personenbezogenen Daten, die Kategorien von Empf\\u00e4ngern, gegen\\u00fcber denen Ihre Daten offengelegt wurden oder werden, die geplante Speicherdauer, das Bestehen eines Rechts auf Berichtung, L\\u00f6schung, Einschr\\u00e4nkung der Verarbeitung oder Widerspruch, das Bestehen eines Beschwerderechts, die Herkunft Ihrer Daten, sofern diese nicht bei uns erhoben wurden, sowie \\u00fcber das Bestehen einer automatisierten Entscheidungsfindung einschlie\\u00dflich Profiling und ggf. aussagekr\\u00e4ftiger Informationen zu deren Einzelheiten verlangen;<\/li>\\n<li>gem\\u00e4\\u00df Art. 16 DSGVO unverz\\u00fcglich die Berichtung unrichtiger oder Vervollst\\u00e4ndigung Ihrer bei uns gespeicherten personenbezogenen Daten zu verlangen;<\/li>\\n<li>gem\\u00e4\\u00df Art. 17 DSGVO die L\\u00f6schung Ihrer bei uns gespeicherten personenbezogenen Daten zu verlangen, soweit nicht die Verarbeitung zur Aus\\u00fcbung des Rechts auf freie Meinungs\\u00e4u\\u00dferung und Information, zur Erf\\u00fcllung einer rechtlichen Verpflichtung, aus Gr\\u00fcnden des \\u00f6ffentlichen Interesses oder zur Geltendmachung, Aus\\u00fcbung oder Verteidigung von Rechtsanspr\\u00fcchen erforderlich ist;<\/li>\\n<li>gem\\u00e4\\u00df Art. 18 DSGVO die Einschr\\u00e4nkung der Verarbeitung Ihrer personenbezogenen Daten zu verlangen, soweit die Richtigkeit der Daten von Ihnen bestritten wird, die Verarbeitung unrechtm\\u00e4\\u00dfig ist, Sie aber deren L\\u00f6schung ablehnen und wir die Daten nicht mehr ben\\u00f6tigen, Sie jedoch diese zur Geltendmachung, Aus\\u00fcbung oder Verteidigung von Rechtsanspr\\u00fcchen ben\\u00f6tigen oder Sie gem\\u00e4\\u00df Art. 21 DSGVO Widerspruch gegen die Verarbeitung eingelegt haben;<\/li>\\n<li>gem\\u00e4\\u00df Art. 20 DSGVO Ihre personenbezogenen Daten, die Sie uns bereitgestellt haben, in einem strukturierten, g\\u00e4ngigen und maschinenlesebaren Format zu erhalten oder die \\u00dcbermittlung an einen anderen Verantwortlichen zu verlangen;<\/li>\\n<li>gem\\u00e4\\u00df Art. 7 Abs. 3 DSGVO Ihre einmal erteilte Einwilligung jederzeit gegen\\u00fcber uns zu widerrufen. Dies hat zur Folge, dass wir die Datenverarbeitung, die auf dieser Einwilligung beruhte, f\\u00fcr die Zukunft nicht mehr fortf\\u00fchren d\\u00fcrfen und<\/li>\\n<li>gem\\u00e4\\u00df Art. 77 DSGVO sich bei einer Aufsichtsbeh\\u00f6rde zu beschweren. In der Regel k\\u00f6nnen Sie sich hierf\\u00fcr an die Aufsichtsbeh\\u00f6rde Ihres \\u00fcblichen Aufenthaltsortes oder Arbeitsplatzes oder unseres Unternehmenssitzes wenden.<\/li>\\n<\/ul>\\n<h4><strong>6. Aktualit\\u00e4t und \\u00c4nderung dieser Datenschutzerkl\\u00e4rung<\/strong><\/h4>\\n<p>Diese Datenschutzerkl\\u00e4rung ist aktuell und hat den Stand 07.04.2026. Durch die Weiterentwicklung unserer Website und Angebote dar\\u00fcber oder aufgrund ge\\u00e4nderter gesetzlicher bzw. beh\\u00f6rdlicher Vorgaben kann es notwendig werden, diese Datenschutzerkl\\u00e4rung zu \\u00e4ndern. Die jeweils aktuelle Datenschutzerkl\\u00e4rung kann jederzeit auf der Website unter showmasters.de\/impressum von Ihnen abgerufen und ausgedruckt werden.<\/p>\",\"align\":\"middle\",\"row\":3,\"col\":0,\"colspan\":12,\"offsetx\":0,\"offsety\":0,\"spaceabove\":0,\"spacebelow\":0,\"yvel\":1,\"push\":0,\"relid\":17,\"absolute_position\":false,\"frameOverflow\":\"\"}]}","phonegrid":"{\"colCount\":12,\"colGutter\":1,\"rowGutters\":[5,5,5,5,5,5],\"frameMargin\":5,\"leftFrameMargin\":5,\"rightFrameMargin\":5,\"topFrameMargin\":5,\"mus\":{\"colGutterMu\":\"%\",\"rowGutterMu\":\"%\",\"topFrameMu\":\"%\",\"bottomFrameMu\":\"%\",\"frameMu\":\"%\"},\"bottomFrameMargin\":5,\"rowAttrs\":[{\"relid\":9},{\"relid\":13},{\"relid\":10},{\"relid\":11},{\"relid\":12},{\"relid\":14},{\"relid\":3}],\"bgColor\":null,\"bgImage\":null,\"bgVideo\":null,\"cont\":[{\"type\":\"text\",\"cont\":\"<p style=\\\"text-align: left;\\\"><span style=\\\"font-size: 16px;\\\"><strong>KONTAKT<\/strong><br \/>hallo@theshowmasters.de<\/span><\/p>\",\"align\":\"bottom\",\"row\":2,\"col\":0,\"colspan\":12,\"offsetx\":0,\"offsety\":0,\"spaceabove\":0,\"spacebelow\":0,\"yvel\":1,\"push\":0,\"relid\":5,\"absolute_position\":false,\"zIndex\":0,\"dosync\":false},{\"type\":\"text\",\"cont\":\"<p style=\\\"text-align: left;\\\"><span style=\\\"font-size: 16px;\\\"><strong>CREDITS<br \/><\/strong>Fotos: Annika Hammer<br \/>Grafik: Sofie Zech<\/span><\/p>\",\"align\":\"bottom\",\"row\":3,\"col\":0,\"colspan\":12,\"offsetx\":0,\"offsety\":0,\"spaceabove\":0,\"spacebelow\":0,\"yvel\":1,\"push\":0,\"relid\":7,\"absolute_position\":false,\"zIndex\":1,\"dosync\":false},{\"type\":\"text\",\"cont\":\"<p style=\\\"text-align: left;\\\"><span style=\\\"color: #000000; font-size: 16px;\\\"><strong>IMPRESSUM<\/strong><br \/>The Showmasters Gbr<\/span><br \/><span style=\\\"color: #000000; font-size: 16px;\\\">Diakonissenstra\\u00dfe 2<\/span><br \/><span style=\\\"color: #000000; font-size: 16px;\\\">04177 Leipzig<\/span><\/p>\",\"align\":\"bottom\",\"row\":4,\"col\":0,\"colspan\":12,\"offsetx\":0,\"offsety\":0,\"spaceabove\":0,\"spacebelow\":0,\"yvel\":1,\"push\":0,\"relid\":2,\"absolute_position\":false,\"zIndex\":2,\"dosync\":false},{\"type\":\"img\",\"cont\":\"\/wp-content\/uploads\/2026\/03\/Unbenannt-25.png\",\"align\":\"bottom\",\"row\":0,\"offsetx\":0,\"offsety\":0,\"spaceabove\":0,\"spacebelow\":0,\"yvel\":1,\"relid\":4,\"attid\":271,\"sizes\":{\"full\":\"\/wp-content\/uploads\/2026\/03\/Unbenannt-25.png\",\"_768\":\"\/wp-content\/uploads\/2026\/03\/Unbenannt-25-768x543.png\",\"_512\":\"\/wp-content\/uploads\/2026\/03\/Unbenannt-25-512x362.png\",\"_265\":\"\/wp-content\/uploads\/2026\/03\/Unbenannt-25-265x187.png\"},\"w\":842,\"h\":595,\"ar\":0.7066508313539193,\"alt\":\"\",\"textOnElement\":{\"topLeft\":\"\",\"topCenter\":\"\",\"topRight\":\"\",\"leftCenter\":\"\",\"centerCenter\":\"\",\"rightCenter\":\"\",\"bottomLeft\":\"\",\"bottomCenter\":\"\",\"bottomRight\":\"\",\"spaceLeftRight\":10,\"spaceLeftRightMu\":\"px\",\"spaceTopBottom\":10,\"spaceTopBottomMu\":\"px\",\"enableSpacePhone\":false,\"spaceLeftRightPhone\":10,\"spaceLeftRightPhoneMu\":\"px\",\"spaceTopBottomPhone\":10,\"spaceTopBottomPhoneMu\":\"px\",\"verticalOffsetCenter\":0,\"verticalOffsetCenterMu\":\"px\",\"verticalOffsetCenterPhone\":0,\"verticalOffsetCenterPhoneMu\":\"px\",\"darkGradientAtTop\":false,\"darkGradientAtBottom\":false,\"darkGradientAtTopColor\":\"#000000\",\"darkGradientAtBottomColor\":\"#000000\"},\"zIndex\":3,\"frameOverflow\":\"\",\"left\":17.579998779296872,\"width\":83.44666748046876,\"top\":5.979998779296875,\"placeFreely\":true,\"dosync\":false},{\"type\":\"img\",\"cont\":\"\/wp-content\/uploads\/2026\/04\/grafiken_0003_abschnitt-oben.png\",\"align\":\"middle\",\"row\":5,\"offsetx\":0,\"offsety\":0,\"spaceabove\":0,\"spacebelow\":0,\"yvel\":1,\"relid\":15,\"attid\":297,\"sizes\":{\"full\":\"\/wp-content\/uploads\/2026\/04\/grafiken_0003_abschnitt-oben.png\",\"_1920\":\"\/wp-content\/uploads\/2026\/04\/grafiken_0003_abschnitt-oben-1920x1026.png\",\"_1280\":\"\/wp-content\/uploads\/2026\/04\/grafiken_0003_abschnitt-oben-1280x684.png\",\"_1024\":\"\/wp-content\/uploads\/2026\/04\/grafiken_0003_abschnitt-oben-1024x547.png\",\"_768\":\"\/wp-content\/uploads\/2026\/04\/grafiken_0003_abschnitt-oben-768x410.png\",\"_512\":\"\/wp-content\/uploads\/2026\/04\/grafiken_0003_abschnitt-oben-512x274.png\",\"_265\":\"\/wp-content\/uploads\/2026\/04\/grafiken_0003_abschnitt-oben-265x142.png\"},\"w\":2356,\"h\":1259,\"ar\":0.5343803056027164,\"alt\":\"\",\"textOnElement\":{\"topLeft\":\"\",\"topCenter\":\"\",\"topRight\":\"\",\"leftCenter\":\"\",\"centerCenter\":\"\",\"rightCenter\":\"\",\"bottomLeft\":\"\",\"bottomCenter\":\"\",\"bottomRight\":\"\",\"spaceLeftRight\":10,\"spaceLeftRightMu\":\"px\",\"spaceTopBottom\":10,\"spaceTopBottomMu\":\"px\",\"enableSpacePhone\":false,\"spaceLeftRightPhone\":10,\"spaceLeftRightPhoneMu\":\"px\",\"spaceTopBottomPhone\":10,\"spaceTopBottomPhoneMu\":\"px\",\"verticalOffsetCenter\":0,\"verticalOffsetCenterMu\":\"px\",\"verticalOffsetCenterPhone\":0,\"verticalOffsetCenterPhoneMu\":\"px\",\"darkGradientAtTop\":false,\"darkGradientAtBottom\":false,\"darkGradientAtTopColor\":\"#000000\",\"darkGradientAtBottomColor\":\"#000000\"},\"left\":4.54666748046875,\"width\":109.11333312988285,\"top\":110.52000427246094,\"placeFreely\":true,\"zIndex\":4}]}","_links":{"self":[{"href":"https:\/\/showmasters.de\/wp-json\/wp\/v2\/pages\/33","targetHints":{"allow":["GET"]}}],"collection":[{"href":"https:\/\/showmasters.de\/wp-json\/wp\/v2\/pages"}],"about":[{"href":"https:\/\/showmasters.de\/wp-json\/wp\/v2\/types\/page"}],"author":[{"embeddable":true,"href":"https:\/\/showmasters.de\/wp-json\/wp\/v2\/users\/1"}],"replies":[{"embeddable":true,"href":"https:\/\/showmasters.de\/wp-json\/wp\/v2\/comments?post=33"}],"version-history":[{"count":0,"href":"https:\/\/showmasters.de\/wp-json\/wp\/v2\/pages\/33\/revisions"}],"wp:attachment":[{"href":"https:\/\/showmasters.de\/wp-json\/wp\/v2\/media?parent=33"}],"curies":[{"name":"wp","href":"https:\/\/api.w.org\/{rel}","templated":true}]}}